{"id":6636,"date":"2023-10-02T02:35:01","date_gmt":"2023-10-02T02:35:01","guid":{"rendered":"https:\/\/www.apnx.com\/brand-story\/"},"modified":"2023-10-27T08:40:54","modified_gmt":"2023-10-27T08:40:54","slug":"brand-story","status":"publish","type":"page","link":"https:\/\/www.apnx.com\/es\/brand-story\/","title":{"rendered":"Brand Story"},"content":{"rendered":"<section class=\"l-section wpb_row hide_on_default hide_on_laptops hide_on_tablets height_medium\"><div class=\"l-section-h i-cf\"><div class=\"g-cols vc_row via_flex valign_top type_default stacking_default\"><div class=\"vc_col-sm-12 wpb_column vc_column_container\"><div class=\"vc_column-inner\"><div class=\"wpb_wrapper\"><div class=\"w-image align_none\"><div class=\"w-image-h\"><img decoding=\"async\" width=\"768\" height=\"500\" src=\"https:\/\/www.apnx.com\/wp-content\/uploads\/2023\/09\/apnx_about_logo_BGRD.webp\" class=\"attachment-full size-full wvs-archive-product-image\" alt=\"\" loading=\"lazy\" srcset=\"https:\/\/www.apnx.com\/wp-content\/uploads\/2023\/09\/apnx_about_logo_BGRD.webp 768w, https:\/\/www.apnx.com\/wp-content\/uploads\/2023\/09\/apnx_about_logo_BGRD-600x391.webp 600w, https:\/\/www.apnx.com\/wp-content\/uploads\/2023\/09\/apnx_about_logo_BGRD-500x326.webp 500w\" sizes=\"auto, (max-width: 768px) 100vw, 768px\" \/><\/div><\/div><\/div><\/div><\/div><\/div><\/div><\/section><section class=\"l-section wpb_row height_medium\"><div class=\"l-section-h i-cf\"><div class=\"g-cols vc_row via_flex valign_top type_default stacking_default\"><div class=\"vc_col-sm-12 wpb_column vc_column_container\"><div class=\"vc_column-inner\"><div class=\"wpb_wrapper\"><div class=\"w-separator size_custom\" style=\"height:18rem\"><\/div><div class=\"g-cols wpb_row via_flex valign_top type_default stacking_default\"><div class=\"vc_col-sm-6 wpb_column vc_column_container\"><div class=\"vc_column-inner\"><div class=\"wpb_wrapper\">[vc_custom_heading text=\u00bbHistoria de la marca\u00bb font_container=\u00bbtag:div|text_align:left\u00bb css=\u00bb%7B%22default%22%3A%7B%22color%22%3A%22%23fafafc%22%2C%22font-size%22%3A%222rem%22%2C%22font-family%22%3A%22body%22%2C%22font-weight%22%3A%22400%22%7D%7D\u00bb]<\/div><\/div><\/div><div class=\"vc_col-sm-6 wpb_column vc_column_container\"><div class=\"vc_column-inner\"><div class=\"wpb_wrapper\"><\/div><\/div><\/div><\/div><div class=\"w-separator size_custom\" style=\"height:8rem\"><\/div><\/div><\/div><\/div><\/div><\/div><\/section><!-- Row Backgrounds --><div class=\"upb_bg_img\" data-ultimate-bg=\"url(https:\/\/www.apnx.com\/wp-content\/uploads\/2023\/09\/apnx_about_logo_BG.webp)\" data-image-id=\"id^314|url^https:\/\/www.apnx.com\/wp-content\/uploads\/2023\/09\/apnx_about_logo_BG.webp|caption^null|alt^null|title^apnx_about_logo_BG|description^null\" data-ultimate-bg-style=\"vcpb-default\" data-bg-img-repeat=\"no-repeat\" data-bg-img-size=\"cover\" data-bg-img-position=\"\" data-parallx_sense=\"30\" data-bg-override=\"0\" data-bg_img_attach=\"scroll\" data-upb-overlay-color=\"\" data-upb-bg-animation=\"\" data-fadeout=\"\" data-bg-animation=\"left-animation\" data-bg-animation-type=\"h\" data-animation-repeat=\"repeat\" data-fadeout-percentage=\"30\" data-parallax-content=\"\" data-parallax-content-sense=\"30\" data-row-effect-mobile-disable=\"true\" data-img-parallax-mobile-disable=\"true\" data-rtl=\"false\"  data-custom-vc-row=\"\"  data-vc=\"8.0\"  data-is_old_vc=\"\"  data-theme-support=\"\"   data-overlay=\"false\" data-overlay-color=\"\" data-overlay-pattern=\"\" data-overlay-pattern-opacity=\"\" data-overlay-pattern-size=\"\"    ><\/div><section class=\"l-section wpb_row us_custom_e4eb24e1 height_medium\"><div class=\"l-section-h i-cf\"><div class=\"g-cols vc_row via_flex valign_top type_default stacking_default\"><div class=\"vc_col-sm-12 wpb_column vc_column_container\"><div class=\"vc_column-inner\"><div class=\"wpb_wrapper\"><div class=\"g-cols wpb_row via_flex valign_top type_default stacking_default\"><div class=\"vc_col-sm-2 wpb_column vc_column_container\"><div class=\"vc_column-inner\"><div class=\"wpb_wrapper\"><\/div><\/div><\/div><div class=\"vc_col-sm-8 wpb_column vc_column_container\"><div class=\"vc_column-inner\"><div class=\"wpb_wrapper\"><div class=\"wpb_text_column\"><div class=\"wpb_wrapper\"><p>Advanced Performance Nexus representa una propuesta dedicada a ofrecer hardware de PC de alta calidad al tiempo que combina la \u00faltima tecnolog\u00eda de consumo con nuestra marca distintiva de est\u00e9tica arquitect\u00f3nica. APNX est\u00e1 respaldada por un equipo de expertos de la industria con amplia experiencia en este campo. Cada miembro aporta gran riqueza de conocimientos y experiencia con la marca. Esta experiencia colectiva garantiza que nuestros productos sean seleccionados con la m\u00e1xima precisi\u00f3n y enfoque, lo cual podr\u00e1 apreciar en su calidad en general. Cuando elige APNX, no est\u00e1 simplemente comprando hardware; est\u00e1 invirtiendo en un sistema cuidadosamente seleccionado donde se fusionan un rendimiento fiable, dise\u00f1o visionario e impecable artesan\u00eda. Le invitamos a unirse al Nexus y elevar su experiencia inform\u00e1tica a una forma de arte.<\/p>\n<\/div><\/div><\/div><\/div><\/div><div class=\"vc_col-sm-2 wpb_column vc_column_container\"><div class=\"vc_column-inner\"><div class=\"wpb_wrapper\"><\/div><\/div><\/div><\/div><div class=\"w-separator size_medium\"><\/div><div class=\"g-cols wpb_row via_flex valign_top type_default stacking_default\"><div class=\"vc_col-sm-7 wpb_column vc_column_container\"><div class=\"vc_column-inner\"><div class=\"wpb_wrapper\"><div class=\"wpb_text_column\"><div class=\"wpb_wrapper\"><h2>Filosof\u00eda de dise\u00f1o:<\/h2>\n<p>La filosof\u00eda de dise\u00f1o de APNX gira en torno a una meticulosa atenci\u00f3n al detalle, mezclando forma y funci\u00f3n a la perfecci\u00f3n. Este planteamiento aporta varias ventajas a nuestra audiencia seleccionada:<\/p>\n<ul>\n<li><em>Experiencia de usuario mejorada<\/em>: Los productos APNX se centran en el usuario, dise\u00f1ados para simplificar el proceso de ensamblaje del PC, haci\u00e9ndolo asequible y divertido para usuarios de todos los niveles.<\/li>\n<li><em>Excelencia de dise\u00f1o elegante e intuitivo<\/em>: APNX da prioridad a una est\u00e9tica limpia y sofisticada en el dise\u00f1os de nuestros productos, realzando el atractivo de las configuraciones de PC para encajar a la perfecci\u00f3n en cualquier entorno.<\/li>\n<li><em>Mejora del rendimiento:<\/em> La filosof\u00eda de dise\u00f1o incorpora una mejora en el rendimiento t\u00e9rmico asegurando que el hardware APNX funciona de forma eficiente y fiable.<\/li>\n<\/ul>\n<\/div><\/div><div class=\"wpb_text_column\"><div class=\"wpb_wrapper\"><h2>Crea tu propia historia:<\/h2>\n<p>En APNX nos esforzamos para ser el nexo entre rendimiento y est\u00e9tica en su viaje por el mundo del PC. Imaginamos un mundo en armon\u00eda donde tecnolog\u00eda de PC de m\u00e1ximo nivel se mezcla con un dise\u00f1o elegante. Tanto si es un jugador, creador de contenido, entusiasta del PC o un profesional, nuestra misi\u00f3n es ofrecerle hardware de alta calidad que no solo mejore su rendimiento, creatividad y disfrute, sino que adem\u00e1s enriquezca su estilo de vida. Eligiendo minuciosamente materiales de alta calidad y siguiendo rigurosos procesos de fabricaci\u00f3n aseguramos un nivel de artesan\u00eda que resista el paso del tiempo mientras mantenemos un est\u00e9tica limpia y sofisticada. Nuestros productos est\u00e1n dise\u00f1ados para ser intuitivos e integrarse f\u00e1cilmente en entornos de trabajo o juego variados. Creemos firmemente que cuando trabaja mejor y se siente mejor, tendr\u00e1 m\u00e1s \u00e9xito. Nuestro cat\u00e1logo de productos ocupan ese espacio \u00fanico donde el funcionamiento fiable se cruza con la artesan\u00eda de construcci\u00f3n, convirtiendo el hardware APNX en una herramienta vital para escribir el desarrollo de su historia.<\/p>\n<\/div><\/div><\/div><\/div><\/div><div class=\"vc_col-sm-5 wpb_column vc_column_container\"><div class=\"vc_column-inner\"><div class=\"wpb_wrapper\"><\/div><\/div><\/div><\/div><\/div><\/div><\/div><\/div><\/div><\/section>\n","protected":false},"excerpt":{"rendered":"[vc_custom_heading text=\"Historia de la marca\" font_container=\"tag:div|text_align:left\" css=\"%7B%22default%22%3A%7B%22color%22%3A%22%23fafafc%22%2C%22font-size%22%3A%222rem%22%2C%22font-family%22%3A%22body%22%2C%22font-weight%22%3A%22400%22%7D%7D\"]Advanced Performance Nexus representa una propuesta dedicada a ofrecer hardware de PC de alta calidad al tiempo que combina la \u00faltima tecnolog\u00eda de consumo con nuestra marca distintiva de est\u00e9tica arquitect\u00f3nica. APNX est\u00e1 respaldada por un equipo de expertos de la industria con amplia experiencia en este campo. Cada...","protected":false},"author":7,"featured_media":0,"parent":0,"menu_order":0,"comment_status":"closed","ping_status":"closed","template":"","meta":{"footnotes":""},"class_list":["post-6636","page","type-page","status-publish","hentry"],"yoast_head":"<!-- This site is optimized with the Yoast SEO plugin v23.8 - https:\/\/yoast.com\/wordpress\/plugins\/seo\/ -->\n<title>Brand Story - APNX | Build Your Story<\/title>\n<meta name=\"robots\" content=\"index, follow, max-snippet:-1, max-image-preview:large, max-video-preview:-1\" \/>\n<link rel=\"canonical\" href=\"https:\/\/www.apnx.com\/es\/brand-story\/\" \/>\n<meta property=\"og:locale\" content=\"es_ES\" \/>\n<meta property=\"og:type\" content=\"article\" \/>\n<meta property=\"og:title\" content=\"Brand Story - APNX | Build Your Story\" \/>\n<meta property=\"og:url\" content=\"https:\/\/www.apnx.com\/es\/brand-story\/\" \/>\n<meta property=\"og:site_name\" content=\"APNX | Build Your Story\" \/>\n<meta property=\"article:modified_time\" content=\"2023-10-27T08:40:54+00:00\" \/>\n<meta name=\"twitter:card\" content=\"summary_large_image\" \/>\n<meta name=\"twitter:label1\" content=\"Tiempo de lectura\" \/>\n\t<meta name=\"twitter:data1\" content=\"3 minutos\" \/>\n<script type=\"application\/ld+json\" class=\"yoast-schema-graph\">{\"@context\":\"https:\/\/schema.org\",\"@graph\":[{\"@type\":\"WebPage\",\"@id\":\"https:\/\/www.apnx.com\/es\/brand-story\/\",\"url\":\"https:\/\/www.apnx.com\/es\/brand-story\/\",\"name\":\"Brand Story - APNX | Build Your Story\",\"isPartOf\":{\"@id\":\"https:\/\/www.apnx.com\/es\/#website\"},\"datePublished\":\"2023-10-02T02:35:01+00:00\",\"dateModified\":\"2023-10-27T08:40:54+00:00\",\"breadcrumb\":{\"@id\":\"https:\/\/www.apnx.com\/es\/brand-story\/#breadcrumb\"},\"inLanguage\":\"es\",\"potentialAction\":[{\"@type\":\"ReadAction\",\"target\":[\"https:\/\/www.apnx.com\/es\/brand-story\/\"]}]},{\"@type\":\"BreadcrumbList\",\"@id\":\"https:\/\/www.apnx.com\/es\/brand-story\/#breadcrumb\",\"itemListElement\":[{\"@type\":\"ListItem\",\"position\":1,\"name\":\"Home\",\"item\":\"https:\/\/www.apnx.com\/es\/\"},{\"@type\":\"ListItem\",\"position\":2,\"name\":\"Brand Story\"}]},{\"@type\":\"WebSite\",\"@id\":\"https:\/\/www.apnx.com\/es\/#website\",\"url\":\"https:\/\/www.apnx.com\/es\/\",\"name\":\"APNX | Build Your Story\",\"description\":\"APNX | Build Your Story\",\"potentialAction\":[{\"@type\":\"SearchAction\",\"target\":{\"@type\":\"EntryPoint\",\"urlTemplate\":\"https:\/\/www.apnx.com\/es\/?s={search_term_string}\"},\"query-input\":{\"@type\":\"PropertyValueSpecification\",\"valueRequired\":true,\"valueName\":\"search_term_string\"}}],\"inLanguage\":\"es\"}]}<\/script>\n<!-- \/ Yoast SEO plugin. -->","yoast_head_json":{"title":"Brand Story - APNX | Build Your Story","robots":{"index":"index","follow":"follow","max-snippet":"max-snippet:-1","max-image-preview":"max-image-preview:large","max-video-preview":"max-video-preview:-1"},"canonical":"https:\/\/www.apnx.com\/es\/brand-story\/","og_locale":"es_ES","og_type":"article","og_title":"Brand Story - APNX | Build Your Story","og_url":"https:\/\/www.apnx.com\/es\/brand-story\/","og_site_name":"APNX | Build Your Story","article_modified_time":"2023-10-27T08:40:54+00:00","twitter_card":"summary_large_image","twitter_misc":{"Tiempo de lectura":"3 minutos"},"schema":{"@context":"https:\/\/schema.org","@graph":[{"@type":"WebPage","@id":"https:\/\/www.apnx.com\/es\/brand-story\/","url":"https:\/\/www.apnx.com\/es\/brand-story\/","name":"Brand Story - APNX | Build Your Story","isPartOf":{"@id":"https:\/\/www.apnx.com\/es\/#website"},"datePublished":"2023-10-02T02:35:01+00:00","dateModified":"2023-10-27T08:40:54+00:00","breadcrumb":{"@id":"https:\/\/www.apnx.com\/es\/brand-story\/#breadcrumb"},"inLanguage":"es","potentialAction":[{"@type":"ReadAction","target":["https:\/\/www.apnx.com\/es\/brand-story\/"]}]},{"@type":"BreadcrumbList","@id":"https:\/\/www.apnx.com\/es\/brand-story\/#breadcrumb","itemListElement":[{"@type":"ListItem","position":1,"name":"Home","item":"https:\/\/www.apnx.com\/es\/"},{"@type":"ListItem","position":2,"name":"Brand Story"}]},{"@type":"WebSite","@id":"https:\/\/www.apnx.com\/es\/#website","url":"https:\/\/www.apnx.com\/es\/","name":"APNX | Build Your Story","description":"APNX | Build Your Story","potentialAction":[{"@type":"SearchAction","target":{"@type":"EntryPoint","urlTemplate":"https:\/\/www.apnx.com\/es\/?s={search_term_string}"},"query-input":{"@type":"PropertyValueSpecification","valueRequired":true,"valueName":"search_term_string"}}],"inLanguage":"es"}]}},"_links":{"self":[{"href":"https:\/\/www.apnx.com\/es\/wp-json\/wp\/v2\/pages\/6636","targetHints":{"allow":["GET"]}}],"collection":[{"href":"https:\/\/www.apnx.com\/es\/wp-json\/wp\/v2\/pages"}],"about":[{"href":"https:\/\/www.apnx.com\/es\/wp-json\/wp\/v2\/types\/page"}],"author":[{"embeddable":true,"href":"https:\/\/www.apnx.com\/es\/wp-json\/wp\/v2\/users\/7"}],"replies":[{"embeddable":true,"href":"https:\/\/www.apnx.com\/es\/wp-json\/wp\/v2\/comments?post=6636"}],"version-history":[{"count":2,"href":"https:\/\/www.apnx.com\/es\/wp-json\/wp\/v2\/pages\/6636\/revisions"}],"predecessor-version":[{"id":6638,"href":"https:\/\/www.apnx.com\/es\/wp-json\/wp\/v2\/pages\/6636\/revisions\/6638"}],"wp:attachment":[{"href":"https:\/\/www.apnx.com\/es\/wp-json\/wp\/v2\/media?parent=6636"}],"curies":[{"name":"wp","href":"https:\/\/api.w.org\/{rel}","templated":true}]}}