{"id":6585,"date":"2023-10-02T02:35:01","date_gmt":"2023-10-02T02:35:01","guid":{"rendered":"https:\/\/www.apnx.com\/brand-story\/"},"modified":"2023-10-27T08:00:06","modified_gmt":"2023-10-27T08:00:06","slug":"brand-story","status":"publish","type":"page","link":"https:\/\/www.apnx.com\/fi\/brand-story\/","title":{"rendered":"Brand Story"},"content":{"rendered":"<section class=\"l-section wpb_row hide_on_default hide_on_laptops hide_on_tablets height_medium\"><div class=\"l-section-h i-cf\"><div class=\"g-cols vc_row via_flex valign_top type_default stacking_default\"><div class=\"vc_col-sm-12 wpb_column vc_column_container\"><div class=\"vc_column-inner\"><div class=\"wpb_wrapper\"><div class=\"w-image align_none\"><div class=\"w-image-h\"><img decoding=\"async\" width=\"768\" height=\"500\" src=\"https:\/\/www.apnx.com\/wp-content\/uploads\/2023\/09\/apnx_about_logo_BGRD.webp\" class=\"attachment-full size-full wvs-archive-product-image\" alt=\"\" loading=\"lazy\" srcset=\"https:\/\/www.apnx.com\/wp-content\/uploads\/2023\/09\/apnx_about_logo_BGRD.webp 768w, https:\/\/www.apnx.com\/wp-content\/uploads\/2023\/09\/apnx_about_logo_BGRD-600x391.webp 600w, https:\/\/www.apnx.com\/wp-content\/uploads\/2023\/09\/apnx_about_logo_BGRD-500x326.webp 500w\" sizes=\"auto, (max-width: 768px) 100vw, 768px\" \/><\/div><\/div><\/div><\/div><\/div><\/div><\/div><\/section><section class=\"l-section wpb_row height_medium\"><div class=\"l-section-h i-cf\"><div class=\"g-cols vc_row via_flex valign_top type_default stacking_default\"><div class=\"vc_col-sm-12 wpb_column vc_column_container\"><div class=\"vc_column-inner\"><div class=\"wpb_wrapper\"><div class=\"w-separator size_custom\" style=\"height:18rem\"><\/div><div class=\"g-cols wpb_row via_flex valign_top type_default stacking_default\"><div class=\"vc_col-sm-6 wpb_column vc_column_container\"><div class=\"vc_column-inner\"><div class=\"wpb_wrapper\">[vc_custom_heading text=&#8221;tuotemerkin tarina&#8221; font_container=&#8221;tag:div|text_align:left&#8221; css=&#8221;%7B%22default%22%3A%7B%22color%22%3A%22%23fafafc%22%2C%22font-size%22%3A%222rem%22%2C%22font-family%22%3A%22body%22%2C%22font-weight%22%3A%22400%22%7D%7D&#8221;]<\/div><\/div><\/div><div class=\"vc_col-sm-6 wpb_column vc_column_container\"><div class=\"vc_column-inner\"><div class=\"wpb_wrapper\"><\/div><\/div><\/div><\/div><div class=\"w-separator size_custom\" style=\"height:8rem\"><\/div><\/div><\/div><\/div><\/div><\/div><\/section><!-- Row Backgrounds --><div class=\"upb_bg_img\" data-ultimate-bg=\"url(https:\/\/www.apnx.com\/wp-content\/uploads\/2023\/09\/apnx_about_logo_BG.webp)\" data-image-id=\"id^314|url^https:\/\/www.apnx.com\/wp-content\/uploads\/2023\/09\/apnx_about_logo_BG.webp|caption^null|alt^null|title^apnx_about_logo_BG|description^null\" data-ultimate-bg-style=\"vcpb-default\" data-bg-img-repeat=\"no-repeat\" data-bg-img-size=\"cover\" data-bg-img-position=\"\" data-parallx_sense=\"30\" data-bg-override=\"0\" data-bg_img_attach=\"scroll\" data-upb-overlay-color=\"\" data-upb-bg-animation=\"\" data-fadeout=\"\" data-bg-animation=\"left-animation\" data-bg-animation-type=\"h\" data-animation-repeat=\"repeat\" data-fadeout-percentage=\"30\" data-parallax-content=\"\" data-parallax-content-sense=\"30\" data-row-effect-mobile-disable=\"true\" data-img-parallax-mobile-disable=\"true\" data-rtl=\"false\"  data-custom-vc-row=\"\"  data-vc=\"8.0\"  data-is_old_vc=\"\"  data-theme-support=\"\"   data-overlay=\"false\" data-overlay-color=\"\" data-overlay-pattern=\"\" data-overlay-pattern-opacity=\"\" data-overlay-pattern-size=\"\"    ><\/div><section class=\"l-section wpb_row us_custom_e4eb24e1 height_medium\"><div class=\"l-section-h i-cf\"><div class=\"g-cols vc_row via_flex valign_top type_default stacking_default\"><div class=\"vc_col-sm-12 wpb_column vc_column_container\"><div class=\"vc_column-inner\"><div class=\"wpb_wrapper\"><div class=\"g-cols wpb_row via_flex valign_top type_default stacking_default\"><div class=\"vc_col-sm-2 wpb_column vc_column_container\"><div class=\"vc_column-inner\"><div class=\"wpb_wrapper\"><\/div><\/div><\/div><div class=\"vc_col-sm-8 wpb_column vc_column_container\"><div class=\"vc_column-inner\"><div class=\"wpb_wrapper\"><div class=\"wpb_text_column\"><div class=\"wpb_wrapper\"><p>Advanced Performance Nexus on osoitus siit\u00e4, ett\u00e4 olemme omistautuneet korkealaatuisen PC-laitteiston toimittamiselle ja yhdist\u00e4neet viimeisimm\u00e4n kuluttajateknologian arkkitehtoniseen estetiikkaan, joka on tunnusomaista meille. APNX:n taustalla on alan asiantuntijoista koostuva tiimi, jolla on laaja kokemus alalta. Jokainen j\u00e4sen tuo tuotemerkkiin runsaasti tietoa ja asiantuntemusta. T\u00e4m\u00e4 kollektiivinen kokemus takaa, ett\u00e4 tuotteemme on muovattu \u00e4\u00e4rimm\u00e4isen tarkasti ja n\u00e4kemyksell\u00e4, joka n\u00e4kyy selv\u00e4sti niiden kokonaislaadussa. Kun valitset APNX:n, et osta vain laitteistoa, vaan investoit huolellisesti kuratoituun ekosysteemiin, jossa luotettava suorituskyky, vision\u00e4\u00e4rinen suunnittelu ja moitteeton ammattitaito yhdistyv\u00e4t. Kutsumme sinut liittym\u00e4\u00e4n Nexukseen ja nostamaan tietotekniikkakokemuksesi taidemuodoksi.<\/p>\n<\/div><\/div><\/div><\/div><\/div><div class=\"vc_col-sm-2 wpb_column vc_column_container\"><div class=\"vc_column-inner\"><div class=\"wpb_wrapper\"><\/div><\/div><\/div><\/div><div class=\"w-separator size_medium\"><\/div><div class=\"g-cols wpb_row via_flex valign_top type_default stacking_default\"><div class=\"vc_col-sm-7 wpb_column vc_column_container\"><div class=\"vc_column-inner\"><div class=\"wpb_wrapper\"><div class=\"wpb_text_column\"><div class=\"wpb_wrapper\"><h2>Suunnittelufilosofia:<\/h2>\n<p>APNX:n suunnittelufilosofia py\u00f6rii yksityiskohtiin kiinnitetyn huolellisen huomion ymp\u00e4rill\u00e4, ja muoto ja toiminta yhdistyv\u00e4t saumattomasti. T\u00e4m\u00e4 l\u00e4hestymistapa tuo useita etuja kohderyhm\u00e4llemme:<\/p>\n<ul>\n<li><em>Exp\u00e9rience utilisateur am\u00e9lior\u00e9e<\/em>: APNX-tuotteet ovat k\u00e4ytt\u00e4j\u00e4keskeisi\u00e4, ja ne on suunniteltu yksinkertaistamaan PC:n rakentamisprosessia ja tekem\u00e4\u00e4n siit\u00e4 helppok\u00e4ytt\u00f6ist\u00e4 ja miellytt\u00e4v\u00e4\u00e4 kaikentasoisille k\u00e4ytt\u00e4jille.<\/li>\n<li><em>Excellence avec un design \u00e9l\u00e9gant et intuitif<\/em>: APNX asettaa tuotesuunnittelussaan etusijalle puhtaan ja hienostuneen estetiikan, joka parantaa tietokoneiden kokoonpanojen visuaalista houkuttelevuutta ja sovittaa ne saumattomasti mihin tahansa ymp\u00e4rist\u00f6\u00f6n.<\/li>\n<li><em>Optimisation des performances:<\/em> Suunnittelufilosofiaan sis\u00e4ltyy l\u00e4mp\u00f6suorituskyvyn optimointi, jolla varmistetaan, ett\u00e4 APNX-laitteisto toimii tehokkaasti ja luotettavasti.<\/li>\n<\/ul>\n<\/div><\/div><div class=\"wpb_text_column\"><div class=\"wpb_wrapper\"><h2>Rakenna tarinasi:<\/h2>\n<p>Me APNX:ll\u00e4 pyrimme olemaan suorituskyvyn ja estetiikan yhdist\u00e4v\u00e4 tekij\u00e4 tietokoneen matkallasi. Visioimme harmonisen maailman, jossa huippuluokan PC-teknologia yhdistyy vaivattomasti tyylikk\u00e4\u00e4seen muotoiluun. Olitpa sitten pelaaja, sis\u00e4ll\u00f6ntuottaja, PC-harrastaja tai ammattilainen, teht\u00e4v\u00e4mme on tarjota sinulle korkealaatuista laitteistoa, joka ei ainoastaan paranna tuottavuuttasi, luovuuttasi ja nautintoasi vaan my\u00f6s rikastuttaa el\u00e4m\u00e4ntyyli\u00e4si. Valitsemalla huolellisesti korkealaatuisia materiaaleja ja noudattamalla tiukkoja valmistusprosesseja varmistamme k\u00e4sity\u00f6taidon tason, joka kest\u00e4\u00e4 ajan testin, s\u00e4ilytt\u00e4en samalla selke\u00e4n ja hienostuneen estetiikan. Tuotteemme on suunniteltu k\u00e4ytt\u00e4j\u00e4yst\u00e4v\u00e4llisiksi, ja ne sopivat saumattomasti erilaisiin ty\u00f6- tai leikkiymp\u00e4rist\u00f6ihin. Uskomme vakaasti, ett\u00e4 kun suorituskyky on parempi ja kun olo on parempi, saavutat enemm\u00e4n. Tuotevalikoimaamme kuuluu ainutlaatuinen tila, jossa luotettava suorituskyky yhdistyy k\u00e4sity\u00f6taidon kanssa, joka tekee APNX-laitteistosta olennaisen ty\u00f6kalun tarinasi kirjoittamiseen.<\/p>\n<\/div><\/div><\/div><\/div><\/div><div class=\"vc_col-sm-5 wpb_column vc_column_container\"><div class=\"vc_column-inner\"><div class=\"wpb_wrapper\"><\/div><\/div><\/div><\/div><\/div><\/div><\/div><\/div><\/div><\/section>\n","protected":false},"excerpt":{"rendered":"[vc_custom_heading text=\"tuotemerkin tarina\" font_container=\"tag:div|text_align:left\" css=\"%7B%22default%22%3A%7B%22color%22%3A%22%23fafafc%22%2C%22font-size%22%3A%222rem%22%2C%22font-family%22%3A%22body%22%2C%22font-weight%22%3A%22400%22%7D%7D\"]Advanced Performance Nexus on osoitus siit\u00e4, ett\u00e4 olemme omistautuneet korkealaatuisen PC-laitteiston toimittamiselle ja yhdist\u00e4neet viimeisimm\u00e4n kuluttajateknologian arkkitehtoniseen estetiikkaan, joka on tunnusomaista meille. APNX:n taustalla on alan asiantuntijoista koostuva tiimi, jolla on laaja kokemus alalta. Jokainen j\u00e4sen tuo tuotemerkkiin runsaasti tietoa ja asiantuntemusta. T\u00e4m\u00e4 kollektiivinen kokemus takaa, ett\u00e4 tuotteemme on muovattu \u00e4\u00e4rimm\u00e4isen...","protected":false},"author":7,"featured_media":0,"parent":0,"menu_order":0,"comment_status":"closed","ping_status":"closed","template":"","meta":{"footnotes":""},"class_list":["post-6585","page","type-page","status-publish","hentry"],"yoast_head":"<!-- This site is optimized with the Yoast SEO plugin v23.8 - https:\/\/yoast.com\/wordpress\/plugins\/seo\/ -->\n<title>Brand Story - APNX | Build Your Story<\/title>\n<meta name=\"robots\" content=\"index, follow, max-snippet:-1, max-image-preview:large, max-video-preview:-1\" \/>\n<link rel=\"canonical\" href=\"https:\/\/www.apnx.com\/fi\/brand-story\/\" \/>\n<meta property=\"og:locale\" content=\"fi_FI\" \/>\n<meta property=\"og:type\" content=\"article\" \/>\n<meta property=\"og:title\" content=\"Brand Story - APNX | Build Your Story\" \/>\n<meta property=\"og:url\" content=\"https:\/\/www.apnx.com\/fi\/brand-story\/\" \/>\n<meta property=\"og:site_name\" content=\"APNX | Build Your Story\" \/>\n<meta property=\"article:modified_time\" content=\"2023-10-27T08:00:06+00:00\" \/>\n<meta name=\"twitter:card\" content=\"summary_large_image\" \/>\n<meta name=\"twitter:label1\" content=\"Arvioitu lukuaika\" \/>\n\t<meta name=\"twitter:data1\" content=\"3 minuuttia\" \/>\n<script type=\"application\/ld+json\" class=\"yoast-schema-graph\">{\"@context\":\"https:\/\/schema.org\",\"@graph\":[{\"@type\":\"WebPage\",\"@id\":\"https:\/\/www.apnx.com\/fi\/brand-story\/\",\"url\":\"https:\/\/www.apnx.com\/fi\/brand-story\/\",\"name\":\"Brand Story - APNX | Build Your Story\",\"isPartOf\":{\"@id\":\"https:\/\/www.apnx.com\/fi\/#website\"},\"datePublished\":\"2023-10-02T02:35:01+00:00\",\"dateModified\":\"2023-10-27T08:00:06+00:00\",\"breadcrumb\":{\"@id\":\"https:\/\/www.apnx.com\/fi\/brand-story\/#breadcrumb\"},\"inLanguage\":\"fi\",\"potentialAction\":[{\"@type\":\"ReadAction\",\"target\":[\"https:\/\/www.apnx.com\/fi\/brand-story\/\"]}]},{\"@type\":\"BreadcrumbList\",\"@id\":\"https:\/\/www.apnx.com\/fi\/brand-story\/#breadcrumb\",\"itemListElement\":[{\"@type\":\"ListItem\",\"position\":1,\"name\":\"Home\",\"item\":\"https:\/\/www.apnx.com\/fi\/\"},{\"@type\":\"ListItem\",\"position\":2,\"name\":\"Brand Story\"}]},{\"@type\":\"WebSite\",\"@id\":\"https:\/\/www.apnx.com\/fi\/#website\",\"url\":\"https:\/\/www.apnx.com\/fi\/\",\"name\":\"APNX | Build Your Story\",\"description\":\"APNX | Build Your Story\",\"potentialAction\":[{\"@type\":\"SearchAction\",\"target\":{\"@type\":\"EntryPoint\",\"urlTemplate\":\"https:\/\/www.apnx.com\/fi\/?s={search_term_string}\"},\"query-input\":{\"@type\":\"PropertyValueSpecification\",\"valueRequired\":true,\"valueName\":\"search_term_string\"}}],\"inLanguage\":\"fi\"}]}<\/script>\n<!-- \/ Yoast SEO plugin. -->","yoast_head_json":{"title":"Brand Story - APNX | Build Your Story","robots":{"index":"index","follow":"follow","max-snippet":"max-snippet:-1","max-image-preview":"max-image-preview:large","max-video-preview":"max-video-preview:-1"},"canonical":"https:\/\/www.apnx.com\/fi\/brand-story\/","og_locale":"fi_FI","og_type":"article","og_title":"Brand Story - APNX | Build Your Story","og_url":"https:\/\/www.apnx.com\/fi\/brand-story\/","og_site_name":"APNX | Build Your Story","article_modified_time":"2023-10-27T08:00:06+00:00","twitter_card":"summary_large_image","twitter_misc":{"Arvioitu lukuaika":"3 minuuttia"},"schema":{"@context":"https:\/\/schema.org","@graph":[{"@type":"WebPage","@id":"https:\/\/www.apnx.com\/fi\/brand-story\/","url":"https:\/\/www.apnx.com\/fi\/brand-story\/","name":"Brand Story - APNX | Build Your Story","isPartOf":{"@id":"https:\/\/www.apnx.com\/fi\/#website"},"datePublished":"2023-10-02T02:35:01+00:00","dateModified":"2023-10-27T08:00:06+00:00","breadcrumb":{"@id":"https:\/\/www.apnx.com\/fi\/brand-story\/#breadcrumb"},"inLanguage":"fi","potentialAction":[{"@type":"ReadAction","target":["https:\/\/www.apnx.com\/fi\/brand-story\/"]}]},{"@type":"BreadcrumbList","@id":"https:\/\/www.apnx.com\/fi\/brand-story\/#breadcrumb","itemListElement":[{"@type":"ListItem","position":1,"name":"Home","item":"https:\/\/www.apnx.com\/fi\/"},{"@type":"ListItem","position":2,"name":"Brand Story"}]},{"@type":"WebSite","@id":"https:\/\/www.apnx.com\/fi\/#website","url":"https:\/\/www.apnx.com\/fi\/","name":"APNX | Build Your Story","description":"APNX | Build Your Story","potentialAction":[{"@type":"SearchAction","target":{"@type":"EntryPoint","urlTemplate":"https:\/\/www.apnx.com\/fi\/?s={search_term_string}"},"query-input":{"@type":"PropertyValueSpecification","valueRequired":true,"valueName":"search_term_string"}}],"inLanguage":"fi"}]}},"_links":{"self":[{"href":"https:\/\/www.apnx.com\/fi\/wp-json\/wp\/v2\/pages\/6585","targetHints":{"allow":["GET"]}}],"collection":[{"href":"https:\/\/www.apnx.com\/fi\/wp-json\/wp\/v2\/pages"}],"about":[{"href":"https:\/\/www.apnx.com\/fi\/wp-json\/wp\/v2\/types\/page"}],"author":[{"embeddable":true,"href":"https:\/\/www.apnx.com\/fi\/wp-json\/wp\/v2\/users\/7"}],"replies":[{"embeddable":true,"href":"https:\/\/www.apnx.com\/fi\/wp-json\/wp\/v2\/comments?post=6585"}],"version-history":[{"count":4,"href":"https:\/\/www.apnx.com\/fi\/wp-json\/wp\/v2\/pages\/6585\/revisions"}],"predecessor-version":[{"id":6619,"href":"https:\/\/www.apnx.com\/fi\/wp-json\/wp\/v2\/pages\/6585\/revisions\/6619"}],"wp:attachment":[{"href":"https:\/\/www.apnx.com\/fi\/wp-json\/wp\/v2\/media?parent=6585"}],"curies":[{"name":"wp","href":"https:\/\/api.w.org\/{rel}","templated":true}]}}