{"id":6117,"date":"2023-08-01T07:43:08","date_gmt":"2023-08-01T07:43:08","guid":{"rendered":"https:\/\/www.apnx.com\/privacy-policy\/"},"modified":"2023-10-26T09:32:41","modified_gmt":"2023-10-26T09:32:41","slug":"privacy-policy","status":"publish","type":"page","link":"https:\/\/www.apnx.com\/la\/privacy-policy\/","title":{"rendered":"Pol\u00edtica de privacidad"},"content":{"rendered":"<section class=\"l-section wpb_row height_medium width_custom with_img\" style=\"--site-content-width:1330px;\"><div class=\"l-section-img\" role=\"img\" aria-label=\"Image\" data-img-width=\"1920\" data-img-height=\"1080\" style=\"background-image: url(https:\/\/www.apnx.com\/wp-content\/uploads\/2023\/10\/apnx_logo_BG_2.jpg);\"><\/div><div class=\"l-section-h i-cf\"><div class=\"g-cols vc_row via_flex valign_middle type_default stacking_default\"><div class=\"vc_col-sm-12 wpb_column vc_column_container\"><div class=\"vc_column-inner\"><div class=\"wpb_wrapper\"><div class=\"g-cols wpb_row via_flex valign_top type_default stacking_default\"><div class=\"vc_col-sm-12 wpb_column vc_column_container\"><div class=\"vc_column-inner\"><div class=\"wpb_wrapper\"><div class=\"wpb_text_column\"><div class=\"wpb_wrapper\"><p>APNX se toma muy en serio la privacidad de los usuarios.<br \/>\nLea lo siguiente para obtener m\u00e1s informaci\u00f3n sobre nuestra pol\u00edtica de privacidad.<\/p>\n<\/div><\/div><\/div><\/div><\/div><\/div><\/div><\/div><\/div><\/div><\/div><\/section><section class=\"l-section wpb_row height_medium width_custom\" style=\"--site-content-width:1330px;\"><div class=\"l-section-h i-cf\"><div class=\"g-cols vc_row via_flex valign_middle type_default stacking_default\"><div class=\"vc_col-sm-12 wpb_column vc_column_container\"><div class=\"vc_column-inner\"><div class=\"wpb_wrapper\"><div class=\"g-cols wpb_row via_flex valign_middle type_default stacking_default\"><div class=\"vc_col-sm-12 wpb_column vc_column_container\"><div class=\"vc_column-inner\"><div class=\"wpb_wrapper\"><div class=\"wpb_text_column\"><div class=\"wpb_wrapper\"><p><strong>Qu\u00e9 cubre esta pol\u00edtica de privacidad<\/strong><\/p>\n<ul>\n<li>Esta pol\u00edtica cubre c\u00f3mo APNX gestiona la informaci\u00f3n personal que APNX recopila y recibe, incluida la informaci\u00f3n relacionada con su uso anterior de los productos y servicios de APNX. La informaci\u00f3n personal es informaci\u00f3n sobre usted que le puede identificar personalmente, como su nombre, direcci\u00f3n, direcci\u00f3n de correo electr\u00f3nico o n\u00famero de tel\u00e9fono, y que no est\u00e1 disponible p\u00fablicamente de otro modo.<\/li>\n<li>Esta pol\u00edtica no se aplica a las pr\u00e1cticas de empresas que APNX no posee ni controla, ni a personas que APNX no emplea ni administra. Adem\u00e1s, determinadas empresas asociadas a APNX pueden tener sus propias declaraciones de privacidad.<\/li>\n<\/ul>\n<\/div><\/div><div class=\"wpb_text_column\"><div class=\"wpb_wrapper\"><p><strong>Recopilaci\u00f3n y uso de la informaci\u00f3n<\/strong><\/p>\n<ul>\n<li>APNX recopilar\u00e1 y almacenar\u00e1 la informaci\u00f3n personal del usuario cuando se registre en APNX, cuando utilice productos o servicios de APNX, visite p\u00e1ginas de APNX o las p\u00e1ginas de ciertos socios de APNX y participe en promociones o sorteos.<\/li>\n<li>APNX le pedir\u00e1 que cumplimente determinada informaci\u00f3n personal, como su nombre, direcci\u00f3n, direcci\u00f3n de correo electr\u00f3nico, fecha de nacimiento, sexo, c\u00f3digo postal, ocupaci\u00f3n, sector, intereses personales y otra informaci\u00f3n sobre sus activos cuando se registre en nuestro sitio web. Adem\u00e1s, la informaci\u00f3n mencionada anteriormente se revelar\u00eda a APNX y APNX la almacenar\u00eda y utilizar\u00eda en funci\u00f3n del consentimiento del usuario. El registro correcto en nuestro sitio web se considerar\u00e1 como un confirmaci\u00f3n de su consentimiento. Cuando se registre en nuestro sitio web e inicie sesi\u00f3n en nuestros servicios, dejar\u00e1 de ser un usuario an\u00f3nimo de APNX.<\/li>\n<li>Para mejorar el servicio y mantener una excelente comunicaci\u00f3n con los clientes, APNX utilizar\u00e1 la informaci\u00f3n mencionada anteriormente para las siguientes finalidades de car\u00e1cter general:\n<ul>\n<li>Para personalizar la publicidad y el contenido, satisfacer sus solicitudes de productos y servicios, mejorar nuestros servicios, ponernos en contacto con usted, realizar investigaciones y proporcionar informes an\u00f3nimos para clientes internos y externos.<\/li>\n<li>Para recopilar, almacenar y combinar la informaci\u00f3n y compartirla con los afiliados de APNX y socios de confianza que trabajan en nombre de APNX o con APNX bajo acuerdos de confidencialidad para establecer el sistema de administraci\u00f3n p\u00fablica de los clientes. Estas empresas pueden utilizar su informaci\u00f3n personal para ayudar a APNX a ponerse en contacto con usted sobre ofertas de APNX y nuestros socios de marketing. Sin embargo, estas compa\u00f1\u00edas no tienen ning\u00fan derecho independiente para compartir esta informaci\u00f3n.<\/li>\n<li>Para ponernos en contacto con usted o confirmar su solicitud mediante cuestionarios en l\u00ednea al utilizar la informaci\u00f3n de los socios comerciales o subcontratistas de APNX para recomendar o presentar informaci\u00f3n de ventas, servicios y productos de APNX.<\/li>\n<\/ul>\n<\/li>\n<\/ul>\n<p>Se considerar\u00e1 que usted acepta autorizar a APNX a recopilar y utilizar la informaci\u00f3n anteriormente mencionada seg\u00fan esta pol\u00edtica de privacidad; sin embargo, sigue teniendo derecho a retirar la informaci\u00f3n que ha proporcionado a APNX. Para proteger sus derechos, puede enviar una solicitud de renuncia a APNX por correo con su firma. Su solicitud se procesar\u00e1 en un plazo de siete (7) d\u00edas h\u00e1biles. APNX procesar\u00e1 su informaci\u00f3n de acuerdo con las Leyes y Reglamentos de la Rep\u00fablica de China (Taiw\u00e1n).<\/p>\n<\/div><\/div><div class=\"wpb_text_column\"><div class=\"wpb_wrapper\"><p><strong>Cookies<\/strong><\/p>\n<p>Las cookies son peque\u00f1os archivos que un sitio o su proveedor de servicios transfiere al disco duro del equipo del usuario a trav\u00e9s del explorador web de este (si lo permite) que posibilita a los sistemas del sitio o del proveedor de servicios reconocer dicho explorador y capturar y retener determinada informaci\u00f3n. Por ejemplo, utilizamos cookies para ayudarnos a recopilar y procesar los art\u00edculos de su carro de la compra. Tambi\u00e9n se utilizan para ayudarnos a comprender sus preferencias en funci\u00f3n de la actividad anterior o actual del sitio, lo que nos permite ofrecerle servicios mejorados. Tambi\u00e9n utilizamos cookies para ayudarnos a compilar datos agregados sobre el tr\u00e1fico y la interacci\u00f3n del sitio para que podamos ofrecer mejores experiencias y herramientas del sitio en el futuro.<\/p>\n<p><strong>Utilizamos cookies para:<\/strong><\/p>\n<ul>\n<li>Comprender y guardar las preferencias del usuario para futuras visitas.<\/li>\n<li>Realizar un seguimiento de los anuncios.<\/li>\n<\/ul>\n<p>Puede optar por la posibilidad de que el equipo le avise cada vez que se env\u00eda una cookie o por desactivar todas las cookies. Puede hacerlo a trav\u00e9s de la configuraci\u00f3n del explorador (por ejemplo: Internet Explorer). Cada explorador tiene una configuraci\u00f3n diferente, por lo que debe consultar el men\u00fa Ayuda del explorador para saber la forma correcta de modificar las cookies. Si deshabilita las cookies, es posible que algunas funciones no hagan que su experiencia en el sitio sea tan eficiente y que algunos de nuestros servicios no funcionen correctamente.<\/p>\n<\/div><\/div><div class=\"wpb_text_column\"><div class=\"wpb_wrapper\"><p><strong>Renuncia de responsabilidad<\/strong><\/p>\n<p>Este sitio web es propiedad de APNX, pero APNX no garantiza ninguna seguridad, privacidad u otros contenidos pertinentes de los otros sitios web vinculados a trav\u00e9s de este sitio web y los v\u00ednculos no crean ninguna relaci\u00f3n de empleado, agencia, representante o asociaci\u00f3n.<\/p>\n<p><strong>Confidencialidad y seguridad<\/strong><\/p>\n<ul>\n<li>Para proteger su seguridad y privacidad, su informaci\u00f3n en la cuenta APNX estar\u00e1 protegida por una contrase\u00f1a.<\/li>\n<li>En algunas ocasiones APNX utilizar\u00e1 el sistema de seguridad SSL para proteger la informaci\u00f3n durante la transmisi\u00f3n.<\/li>\n<li>Limitamos el acceso a la informaci\u00f3n personal del usuario a los empleados que creemos que necesitan razonablemente acceder a esa informaci\u00f3n para proporcionarle productos o servicios o para llevar a cabo sus funciones.<\/li>\n<li>Contamos con sistema de seguridad f\u00edsicos, electr\u00f3nicos y de procedimientos que cumplen con las regulaciones federales para proteger su informaci\u00f3n personal.<\/li>\n<\/ul>\n<\/div><\/div><div class=\"wpb_text_column\"><div class=\"wpb_wrapper\"><p><strong>Cambios en esta pol\u00edtica de privacidad<\/strong><\/p>\n<p>APNX se reserva el derecho de modificar o revocar esta pol\u00edtica para gestionar cualquier condici\u00f3n m\u00e1s reciente con cierta frecuencia. Le recomendamos que lea atentamente esta pol\u00edtica siempre que sea necesario para gestionar cualquier condici\u00f3n nueva. Anunciaremos cualquier cambio significativo en este sitio web.<\/p>\n<p><strong>Preguntas y sugerencias<\/strong><\/p>\n<p>Si tiene alguna pregunta o sugerencia, puede ponerse en contacto con nosotros de la siguiente manera:<\/p>\n<ol>\n<li>Por correo electr\u00f3nico: <span style=\"color: #1e1e1e;\"><a style=\"color: #1e1e1e;\" href=\"mailto:info@apnxdrive.onmicrosoft.com\">info@apnxdrive.onmicrosoft.com<\/a><\/span><\/li>\n<li>By mail: Receiver &#8211; Aerocool Advanced Technologies Corp. Privacy Policy Issues Mail.<br \/>\nMailing address \u2013 3F. -6, No. 79, Sec. 1, Xintai 5th Rd., Xizhi Dist., New Taipei City 22010, Taiwan(R.O.C.).<\/li>\n<li>By phone:+886-2- 8698-1088<\/li>\n<li>By fax: +886-2- 8698-1082<\/li>\n<\/ol>\n<\/div><\/div><\/div><\/div><\/div><\/div><\/div><\/div><\/div><\/div><\/div><\/section>\n","protected":false},"excerpt":{"rendered":"APNX se toma muy en serio la privacidad de los usuarios. Lea lo siguiente para obtener m\u00e1s informaci\u00f3n sobre nuestra pol\u00edtica de privacidad. Qu\u00e9 cubre esta pol\u00edtica de privacidad Esta pol\u00edtica cubre c\u00f3mo APNX gestiona la informaci\u00f3n personal que APNX recopila y recibe, incluida la informaci\u00f3n relacionada con su uso anterior de los productos y...","protected":false},"author":1,"featured_media":0,"parent":0,"menu_order":0,"comment_status":"closed","ping_status":"open","template":"","meta":{"footnotes":""},"class_list":["post-6117","page","type-page","status-publish","hentry"],"yoast_head":"<!-- This site is optimized with the Yoast SEO plugin v23.8 - https:\/\/yoast.com\/wordpress\/plugins\/seo\/ -->\n<title>Pol\u00edtica de privacidad - APNX | Build Your Story<\/title>\n<meta name=\"robots\" content=\"index, follow, max-snippet:-1, max-image-preview:large, max-video-preview:-1\" \/>\n<link rel=\"canonical\" href=\"https:\/\/www.apnx.com\/la\/privacy-policy\/\" \/>\n<meta property=\"og:locale\" content=\"en_US\" \/>\n<meta property=\"og:type\" content=\"article\" \/>\n<meta property=\"og:title\" content=\"Pol\u00edtica de privacidad - APNX | Build Your Story\" \/>\n<meta property=\"og:url\" content=\"https:\/\/www.apnx.com\/la\/privacy-policy\/\" \/>\n<meta property=\"og:site_name\" content=\"APNX | Build Your Story\" \/>\n<meta property=\"article:modified_time\" content=\"2023-10-26T09:32:41+00:00\" \/>\n<meta name=\"twitter:card\" content=\"summary_large_image\" \/>\n<meta name=\"twitter:label1\" content=\"Est. reading time\" \/>\n\t<meta name=\"twitter:data1\" content=\"5 minutes\" \/>\n<script type=\"application\/ld+json\" class=\"yoast-schema-graph\">{\"@context\":\"https:\/\/schema.org\",\"@graph\":[{\"@type\":\"WebPage\",\"@id\":\"https:\/\/www.apnx.com\/la\/privacy-policy\/\",\"url\":\"https:\/\/www.apnx.com\/la\/privacy-policy\/\",\"name\":\"Pol\u00edtica de privacidad - APNX | Build Your Story\",\"isPartOf\":{\"@id\":\"https:\/\/www.apnx.com\/la\/#website\"},\"datePublished\":\"2023-08-01T07:43:08+00:00\",\"dateModified\":\"2023-10-26T09:32:41+00:00\",\"breadcrumb\":{\"@id\":\"https:\/\/www.apnx.com\/la\/privacy-policy\/#breadcrumb\"},\"inLanguage\":\"la-LA\",\"potentialAction\":[{\"@type\":\"ReadAction\",\"target\":[\"https:\/\/www.apnx.com\/la\/privacy-policy\/\"]}]},{\"@type\":\"BreadcrumbList\",\"@id\":\"https:\/\/www.apnx.com\/la\/privacy-policy\/#breadcrumb\",\"itemListElement\":[{\"@type\":\"ListItem\",\"position\":1,\"name\":\"Home\",\"item\":\"https:\/\/www.apnx.com\/la\/\"},{\"@type\":\"ListItem\",\"position\":2,\"name\":\"Pol\u00edtica de privacidad\"}]},{\"@type\":\"WebSite\",\"@id\":\"https:\/\/www.apnx.com\/la\/#website\",\"url\":\"https:\/\/www.apnx.com\/la\/\",\"name\":\"APNX | Build Your Story\",\"description\":\"APNX | Build Your Story\",\"potentialAction\":[{\"@type\":\"SearchAction\",\"target\":{\"@type\":\"EntryPoint\",\"urlTemplate\":\"https:\/\/www.apnx.com\/la\/?s={search_term_string}\"},\"query-input\":{\"@type\":\"PropertyValueSpecification\",\"valueRequired\":true,\"valueName\":\"search_term_string\"}}],\"inLanguage\":\"la-LA\"}]}<\/script>\n<!-- \/ Yoast SEO plugin. -->","yoast_head_json":{"title":"Pol\u00edtica de privacidad - APNX | Build Your Story","robots":{"index":"index","follow":"follow","max-snippet":"max-snippet:-1","max-image-preview":"max-image-preview:large","max-video-preview":"max-video-preview:-1"},"canonical":"https:\/\/www.apnx.com\/la\/privacy-policy\/","og_locale":"en_US","og_type":"article","og_title":"Pol\u00edtica de privacidad - APNX | Build Your Story","og_url":"https:\/\/www.apnx.com\/la\/privacy-policy\/","og_site_name":"APNX | Build Your Story","article_modified_time":"2023-10-26T09:32:41+00:00","twitter_card":"summary_large_image","twitter_misc":{"Est. reading time":"5 minutes"},"schema":{"@context":"https:\/\/schema.org","@graph":[{"@type":"WebPage","@id":"https:\/\/www.apnx.com\/la\/privacy-policy\/","url":"https:\/\/www.apnx.com\/la\/privacy-policy\/","name":"Pol\u00edtica de privacidad - APNX | Build Your Story","isPartOf":{"@id":"https:\/\/www.apnx.com\/la\/#website"},"datePublished":"2023-08-01T07:43:08+00:00","dateModified":"2023-10-26T09:32:41+00:00","breadcrumb":{"@id":"https:\/\/www.apnx.com\/la\/privacy-policy\/#breadcrumb"},"inLanguage":"la-LA","potentialAction":[{"@type":"ReadAction","target":["https:\/\/www.apnx.com\/la\/privacy-policy\/"]}]},{"@type":"BreadcrumbList","@id":"https:\/\/www.apnx.com\/la\/privacy-policy\/#breadcrumb","itemListElement":[{"@type":"ListItem","position":1,"name":"Home","item":"https:\/\/www.apnx.com\/la\/"},{"@type":"ListItem","position":2,"name":"Pol\u00edtica de privacidad"}]},{"@type":"WebSite","@id":"https:\/\/www.apnx.com\/la\/#website","url":"https:\/\/www.apnx.com\/la\/","name":"APNX | Build Your Story","description":"APNX | Build Your Story","potentialAction":[{"@type":"SearchAction","target":{"@type":"EntryPoint","urlTemplate":"https:\/\/www.apnx.com\/la\/?s={search_term_string}"},"query-input":{"@type":"PropertyValueSpecification","valueRequired":true,"valueName":"search_term_string"}}],"inLanguage":"la-LA"}]}},"_links":{"self":[{"href":"https:\/\/www.apnx.com\/la\/wp-json\/wp\/v2\/pages\/6117","targetHints":{"allow":["GET"]}}],"collection":[{"href":"https:\/\/www.apnx.com\/la\/wp-json\/wp\/v2\/pages"}],"about":[{"href":"https:\/\/www.apnx.com\/la\/wp-json\/wp\/v2\/types\/page"}],"author":[{"embeddable":true,"href":"https:\/\/www.apnx.com\/la\/wp-json\/wp\/v2\/users\/1"}],"replies":[{"embeddable":true,"href":"https:\/\/www.apnx.com\/la\/wp-json\/wp\/v2\/comments?post=6117"}],"version-history":[{"count":3,"href":"https:\/\/www.apnx.com\/la\/wp-json\/wp\/v2\/pages\/6117\/revisions"}],"predecessor-version":[{"id":6123,"href":"https:\/\/www.apnx.com\/la\/wp-json\/wp\/v2\/pages\/6117\/revisions\/6123"}],"wp:attachment":[{"href":"https:\/\/www.apnx.com\/la\/wp-json\/wp\/v2\/media?parent=6117"}],"curies":[{"name":"wp","href":"https:\/\/api.w.org\/{rel}","templated":true}]}}