{"id":6630,"date":"2023-10-02T02:35:01","date_gmt":"2023-10-02T02:35:01","guid":{"rendered":"https:\/\/www.apnx.com\/brand-story\/"},"modified":"2023-10-27T08:33:08","modified_gmt":"2023-10-27T08:33:08","slug":"brand-story","status":"publish","type":"page","link":"https:\/\/www.apnx.com\/pt-pt\/brand-story\/","title":{"rendered":"Brand Story"},"content":{"rendered":"<section class=\"l-section wpb_row hide_on_default hide_on_laptops hide_on_tablets height_medium\"><div class=\"l-section-h i-cf\"><div class=\"g-cols vc_row via_flex valign_top type_default stacking_default\"><div class=\"vc_col-sm-12 wpb_column vc_column_container\"><div class=\"vc_column-inner\"><div class=\"wpb_wrapper\"><div class=\"w-image align_none\"><div class=\"w-image-h\"><img decoding=\"async\" width=\"768\" height=\"500\" src=\"https:\/\/www.apnx.com\/wp-content\/uploads\/2023\/09\/apnx_about_logo_BGRD.webp\" class=\"attachment-full size-full wvs-archive-product-image\" alt=\"\" loading=\"lazy\" srcset=\"https:\/\/www.apnx.com\/wp-content\/uploads\/2023\/09\/apnx_about_logo_BGRD.webp 768w, https:\/\/www.apnx.com\/wp-content\/uploads\/2023\/09\/apnx_about_logo_BGRD-600x391.webp 600w, https:\/\/www.apnx.com\/wp-content\/uploads\/2023\/09\/apnx_about_logo_BGRD-500x326.webp 500w\" sizes=\"auto, (max-width: 768px) 100vw, 768px\" \/><\/div><\/div><\/div><\/div><\/div><\/div><\/div><\/section><section class=\"l-section wpb_row height_medium\"><div class=\"l-section-h i-cf\"><div class=\"g-cols vc_row via_flex valign_top type_default stacking_default\"><div class=\"vc_col-sm-12 wpb_column vc_column_container\"><div class=\"vc_column-inner\"><div class=\"wpb_wrapper\"><div class=\"w-separator size_custom\" style=\"height:18rem\"><\/div><div class=\"g-cols wpb_row via_flex valign_top type_default stacking_default\"><div class=\"vc_col-sm-6 wpb_column vc_column_container\"><div class=\"vc_column-inner\"><div class=\"wpb_wrapper\">[vc_custom_heading text=&#8221;Hist\u00f3ria da marca&#8221; font_container=&#8221;tag:div|text_align:left&#8221; css=&#8221;%7B%22default%22%3A%7B%22color%22%3A%22%23fafafc%22%2C%22font-size%22%3A%222rem%22%2C%22font-family%22%3A%22body%22%2C%22font-weight%22%3A%22400%22%7D%7D&#8221;]<\/div><\/div><\/div><div class=\"vc_col-sm-6 wpb_column vc_column_container\"><div class=\"vc_column-inner\"><div class=\"wpb_wrapper\"><\/div><\/div><\/div><\/div><div class=\"w-separator size_custom\" style=\"height:8rem\"><\/div><\/div><\/div><\/div><\/div><\/div><\/section><!-- Row Backgrounds --><div class=\"upb_bg_img\" data-ultimate-bg=\"url(https:\/\/www.apnx.com\/wp-content\/uploads\/2023\/09\/apnx_about_logo_BG.webp)\" data-image-id=\"id^314|url^https:\/\/www.apnx.com\/wp-content\/uploads\/2023\/09\/apnx_about_logo_BG.webp|caption^null|alt^null|title^apnx_about_logo_BG|description^null\" data-ultimate-bg-style=\"vcpb-default\" data-bg-img-repeat=\"no-repeat\" data-bg-img-size=\"cover\" data-bg-img-position=\"\" data-parallx_sense=\"30\" data-bg-override=\"0\" data-bg_img_attach=\"scroll\" data-upb-overlay-color=\"\" data-upb-bg-animation=\"\" data-fadeout=\"\" data-bg-animation=\"left-animation\" data-bg-animation-type=\"h\" data-animation-repeat=\"repeat\" data-fadeout-percentage=\"30\" data-parallax-content=\"\" data-parallax-content-sense=\"30\" data-row-effect-mobile-disable=\"true\" data-img-parallax-mobile-disable=\"true\" data-rtl=\"false\"  data-custom-vc-row=\"\"  data-vc=\"8.0\"  data-is_old_vc=\"\"  data-theme-support=\"\"   data-overlay=\"false\" data-overlay-color=\"\" data-overlay-pattern=\"\" data-overlay-pattern-opacity=\"\" data-overlay-pattern-size=\"\"    ><\/div><section class=\"l-section wpb_row us_custom_e4eb24e1 height_medium\"><div class=\"l-section-h i-cf\"><div class=\"g-cols vc_row via_flex valign_top type_default stacking_default\"><div class=\"vc_col-sm-12 wpb_column vc_column_container\"><div class=\"vc_column-inner\"><div class=\"wpb_wrapper\"><div class=\"g-cols wpb_row via_flex valign_top type_default stacking_default\"><div class=\"vc_col-sm-2 wpb_column vc_column_container\"><div class=\"vc_column-inner\"><div class=\"wpb_wrapper\"><\/div><\/div><\/div><div class=\"vc_col-sm-8 wpb_column vc_column_container\"><div class=\"vc_column-inner\"><div class=\"wpb_wrapper\"><div class=\"wpb_text_column\"><div class=\"wpb_wrapper\"><p>O Nexus de desempenho avan\u00e7ado significa uma abordagem dedicada ao fornecimento de hardware de PC de alta qualidade, combinando a mais recente tecnologia de consumo com a nossa marca de assinatura de est\u00e9tica arquitet\u00f3nica. A APNX \u00e9 apoiada por uma equipa de especialistas do setor com extensa experi\u00eancia neste campo. Cada membro contribui com um vasto leque de conhecimentos e experi\u00eancia para a marca. Esta experi\u00eancia coletiva permite-nos oferecer produtos selecionados com a maior precis\u00e3o e conhecimento, o que est\u00e1 patente na sua qualidade geral. Quando escolhe a APNX, n\u00e3o est\u00e1 apenas a comprar hardware; est\u00e1 a investir num ecossistema cuidadosamente selecionado, onde se conjugam um desempenho fi\u00e1vel, um design vision\u00e1rio e uma t\u00e9cnica impec\u00e1vel. Convidamo-lo a juntar-se ao Nexus e a elevar a sua experi\u00eancia de computa\u00e7\u00e3o a uma forma de arte.<\/p>\n<\/div><\/div><\/div><\/div><\/div><div class=\"vc_col-sm-2 wpb_column vc_column_container\"><div class=\"vc_column-inner\"><div class=\"wpb_wrapper\"><\/div><\/div><\/div><\/div><div class=\"w-separator size_medium\"><\/div><div class=\"g-cols wpb_row via_flex valign_top type_default stacking_default\"><div class=\"vc_col-sm-7 wpb_column vc_column_container\"><div class=\"vc_column-inner\"><div class=\"wpb_wrapper\"><div class=\"wpb_text_column\"><div class=\"wpb_wrapper\"><h2>Filosofia do design:<\/h2>\n<p>A filosofia do design da APNX assenta numa aten\u00e7\u00e3o meticulosa aos pormenores, combinando perfeitamente forma e fun\u00e7\u00e3o. Esta abordagem \u00e9 extremamente ben\u00e9fica para o nosso p\u00fablico-alvo:<\/p>\n<ul>\n<li><em>Experi\u00eancia de utiliza\u00e7\u00e3o avan\u00e7ada<\/em>: Os produtos APNX s\u00e3o centrados no utilizador, desenvolvidos para simplificar o processo de constru\u00e7\u00e3o do PC e torn\u00e1-lo acess\u00edvel e apraz\u00edvel para os utilizadores a todos os n\u00edveis.<\/li>\n<li><em>Design elegante e intuitivo de excel\u00eancia<\/em>: A APNX privilegia uma est\u00e9tica simples e sofisticada nos designs dos seus produtos, melhorando o aspeto visual das configura\u00e7\u00f5es de PC e adaptando-as na perfei\u00e7\u00e3o a qualquer ambiente.<\/li>\n<li><em>Otimiza\u00e7\u00e3o do desempenho:<\/em> A filosofia do design incorpora otimiza\u00e7\u00e3o de desempenho t\u00e9rmico, garantindo que o hardware APNX funciona de forma eficaz e fi\u00e1vel.<\/li>\n<\/ul>\n<\/div><\/div><div class=\"wpb_text_column\"><div class=\"wpb_wrapper\"><h2>Crie a sua hist\u00f3ria:<\/h2>\n<p>Na APNX, esfor\u00e7amo-nos por ser o elo de liga\u00e7\u00e3o entre o desempenho e a est\u00e9tica na jornada de constru\u00e7\u00e3o do seu PC. Idealizamos um mundo harmonioso onde a tecnologia de topo para PC combina na perfei\u00e7\u00e3o com um design elegante. Quer seja jogador, criador de conte\u00fados, entusiasta dos computadores ou profissional, a nossa miss\u00e3o \u00e9 oferecer hardware de alta qualidade que n\u00e3o s\u00f3 eleva a sua produtividade, criatividade e divers\u00e3o, como tamb\u00e9m enriquece o seu estilo de vida. Selecionando meticulosamente materiais de alta qualidade e seguindo processos de fabrico rigorosos, asseguramos um n\u00edvel de constru\u00e7\u00e3o que resiste ao teste do tempo, preservando uma est\u00e9tica simples e sofisticada. Os nossos produtos s\u00e3o criados para serem intuitivos e integrarem perfeitamente diversos ambientes de trabalho ou lazer. Acreditamos firmemente que alcan\u00e7amos mais quando o cliente se sente melhor e apresenta um melhor desempenho. A nossa carteira de produtos ocupa o espa\u00e7o exclusivo onde o desempenho fi\u00e1vel encontra a t\u00e9cnica artesanal, tornando o hardware APNX uma ferramenta fundamental para escrever a sua hist\u00f3ria.<\/p>\n<\/div><\/div><\/div><\/div><\/div><div class=\"vc_col-sm-5 wpb_column vc_column_container\"><div class=\"vc_column-inner\"><div class=\"wpb_wrapper\"><\/div><\/div><\/div><\/div><\/div><\/div><\/div><\/div><\/div><\/section>\n","protected":false},"excerpt":{"rendered":"[vc_custom_heading text=\"Hist\u00f3ria da marca\" font_container=\"tag:div|text_align:left\" css=\"%7B%22default%22%3A%7B%22color%22%3A%22%23fafafc%22%2C%22font-size%22%3A%222rem%22%2C%22font-family%22%3A%22body%22%2C%22font-weight%22%3A%22400%22%7D%7D\"]O Nexus de desempenho avan\u00e7ado significa uma abordagem dedicada ao fornecimento de hardware de PC de alta qualidade, combinando a mais recente tecnologia de consumo com a nossa marca de assinatura de est\u00e9tica arquitet\u00f3nica. A APNX \u00e9 apoiada por uma equipa de especialistas do setor com extensa experi\u00eancia neste campo....","protected":false},"author":7,"featured_media":0,"parent":0,"menu_order":0,"comment_status":"closed","ping_status":"closed","template":"","meta":{"footnotes":""},"class_list":["post-6630","page","type-page","status-publish","hentry"],"yoast_head":"<!-- This site is optimized with the Yoast SEO plugin v23.8 - https:\/\/yoast.com\/wordpress\/plugins\/seo\/ -->\n<title>Brand Story - APNX | Build Your Story<\/title>\n<meta name=\"robots\" content=\"index, follow, max-snippet:-1, max-image-preview:large, max-video-preview:-1\" \/>\n<link rel=\"canonical\" href=\"https:\/\/www.apnx.com\/pt-pt\/brand-story\/\" \/>\n<meta property=\"og:locale\" content=\"pt_PT\" \/>\n<meta property=\"og:type\" content=\"article\" \/>\n<meta property=\"og:title\" content=\"Brand Story - APNX | Build Your Story\" \/>\n<meta property=\"og:url\" content=\"https:\/\/www.apnx.com\/pt-pt\/brand-story\/\" \/>\n<meta property=\"og:site_name\" content=\"APNX | Build Your Story\" \/>\n<meta property=\"article:modified_time\" content=\"2023-10-27T08:33:08+00:00\" \/>\n<meta name=\"twitter:card\" content=\"summary_large_image\" \/>\n<meta name=\"twitter:label1\" content=\"Tempo estimado de leitura\" \/>\n\t<meta name=\"twitter:data1\" content=\"4 minutos\" \/>\n<script type=\"application\/ld+json\" class=\"yoast-schema-graph\">{\"@context\":\"https:\/\/schema.org\",\"@graph\":[{\"@type\":\"WebPage\",\"@id\":\"https:\/\/www.apnx.com\/pt-pt\/brand-story\/\",\"url\":\"https:\/\/www.apnx.com\/pt-pt\/brand-story\/\",\"name\":\"Brand Story - APNX | Build Your Story\",\"isPartOf\":{\"@id\":\"https:\/\/www.apnx.com\/pt-pt\/#website\"},\"datePublished\":\"2023-10-02T02:35:01+00:00\",\"dateModified\":\"2023-10-27T08:33:08+00:00\",\"breadcrumb\":{\"@id\":\"https:\/\/www.apnx.com\/pt-pt\/brand-story\/#breadcrumb\"},\"inLanguage\":\"pt-PT\",\"potentialAction\":[{\"@type\":\"ReadAction\",\"target\":[\"https:\/\/www.apnx.com\/pt-pt\/brand-story\/\"]}]},{\"@type\":\"BreadcrumbList\",\"@id\":\"https:\/\/www.apnx.com\/pt-pt\/brand-story\/#breadcrumb\",\"itemListElement\":[{\"@type\":\"ListItem\",\"position\":1,\"name\":\"Home\",\"item\":\"https:\/\/www.apnx.com\/pt-pt\/\"},{\"@type\":\"ListItem\",\"position\":2,\"name\":\"Brand Story\"}]},{\"@type\":\"WebSite\",\"@id\":\"https:\/\/www.apnx.com\/pt-pt\/#website\",\"url\":\"https:\/\/www.apnx.com\/pt-pt\/\",\"name\":\"APNX | Build Your Story\",\"description\":\"APNX | Build Your Story\",\"potentialAction\":[{\"@type\":\"SearchAction\",\"target\":{\"@type\":\"EntryPoint\",\"urlTemplate\":\"https:\/\/www.apnx.com\/pt-pt\/?s={search_term_string}\"},\"query-input\":{\"@type\":\"PropertyValueSpecification\",\"valueRequired\":true,\"valueName\":\"search_term_string\"}}],\"inLanguage\":\"pt-PT\"}]}<\/script>\n<!-- \/ Yoast SEO plugin. -->","yoast_head_json":{"title":"Brand Story - APNX | Build Your Story","robots":{"index":"index","follow":"follow","max-snippet":"max-snippet:-1","max-image-preview":"max-image-preview:large","max-video-preview":"max-video-preview:-1"},"canonical":"https:\/\/www.apnx.com\/pt-pt\/brand-story\/","og_locale":"pt_PT","og_type":"article","og_title":"Brand Story - APNX | Build Your Story","og_url":"https:\/\/www.apnx.com\/pt-pt\/brand-story\/","og_site_name":"APNX | Build Your Story","article_modified_time":"2023-10-27T08:33:08+00:00","twitter_card":"summary_large_image","twitter_misc":{"Tempo estimado de leitura":"4 minutos"},"schema":{"@context":"https:\/\/schema.org","@graph":[{"@type":"WebPage","@id":"https:\/\/www.apnx.com\/pt-pt\/brand-story\/","url":"https:\/\/www.apnx.com\/pt-pt\/brand-story\/","name":"Brand Story - APNX | Build Your Story","isPartOf":{"@id":"https:\/\/www.apnx.com\/pt-pt\/#website"},"datePublished":"2023-10-02T02:35:01+00:00","dateModified":"2023-10-27T08:33:08+00:00","breadcrumb":{"@id":"https:\/\/www.apnx.com\/pt-pt\/brand-story\/#breadcrumb"},"inLanguage":"pt-PT","potentialAction":[{"@type":"ReadAction","target":["https:\/\/www.apnx.com\/pt-pt\/brand-story\/"]}]},{"@type":"BreadcrumbList","@id":"https:\/\/www.apnx.com\/pt-pt\/brand-story\/#breadcrumb","itemListElement":[{"@type":"ListItem","position":1,"name":"Home","item":"https:\/\/www.apnx.com\/pt-pt\/"},{"@type":"ListItem","position":2,"name":"Brand Story"}]},{"@type":"WebSite","@id":"https:\/\/www.apnx.com\/pt-pt\/#website","url":"https:\/\/www.apnx.com\/pt-pt\/","name":"APNX | Build Your Story","description":"APNX | Build Your Story","potentialAction":[{"@type":"SearchAction","target":{"@type":"EntryPoint","urlTemplate":"https:\/\/www.apnx.com\/pt-pt\/?s={search_term_string}"},"query-input":{"@type":"PropertyValueSpecification","valueRequired":true,"valueName":"search_term_string"}}],"inLanguage":"pt-PT"}]}},"_links":{"self":[{"href":"https:\/\/www.apnx.com\/pt-pt\/wp-json\/wp\/v2\/pages\/6630","targetHints":{"allow":["GET"]}}],"collection":[{"href":"https:\/\/www.apnx.com\/pt-pt\/wp-json\/wp\/v2\/pages"}],"about":[{"href":"https:\/\/www.apnx.com\/pt-pt\/wp-json\/wp\/v2\/types\/page"}],"author":[{"embeddable":true,"href":"https:\/\/www.apnx.com\/pt-pt\/wp-json\/wp\/v2\/users\/7"}],"replies":[{"embeddable":true,"href":"https:\/\/www.apnx.com\/pt-pt\/wp-json\/wp\/v2\/comments?post=6630"}],"version-history":[{"count":2,"href":"https:\/\/www.apnx.com\/pt-pt\/wp-json\/wp\/v2\/pages\/6630\/revisions"}],"predecessor-version":[{"id":6632,"href":"https:\/\/www.apnx.com\/pt-pt\/wp-json\/wp\/v2\/pages\/6630\/revisions\/6632"}],"wp:attachment":[{"href":"https:\/\/www.apnx.com\/pt-pt\/wp-json\/wp\/v2\/media?parent=6630"}],"curies":[{"name":"wp","href":"https:\/\/api.w.org\/{rel}","templated":true}]}}