{"id":6644,"date":"2023-10-02T02:35:01","date_gmt":"2023-10-02T02:35:01","guid":{"rendered":"https:\/\/www.apnx.com\/brand-story\/"},"modified":"2023-10-27T08:57:22","modified_gmt":"2023-10-27T08:57:22","slug":"brand-story","status":"publish","type":"page","link":"https:\/\/www.apnx.com\/sv\/brand-story\/","title":{"rendered":"Brand Story"},"content":{"rendered":"<section class=\"l-section wpb_row hide_on_default hide_on_laptops hide_on_tablets height_medium\"><div class=\"l-section-h i-cf\"><div class=\"g-cols vc_row via_flex valign_top type_default stacking_default\"><div class=\"vc_col-sm-12 wpb_column vc_column_container\"><div class=\"vc_column-inner\"><div class=\"wpb_wrapper\"><div class=\"w-image align_none\"><div class=\"w-image-h\"><img decoding=\"async\" width=\"768\" height=\"500\" src=\"https:\/\/www.apnx.com\/wp-content\/uploads\/2023\/09\/apnx_about_logo_BGRD.webp\" class=\"attachment-full size-full wvs-archive-product-image\" alt=\"\" loading=\"lazy\" srcset=\"https:\/\/www.apnx.com\/wp-content\/uploads\/2023\/09\/apnx_about_logo_BGRD.webp 768w, https:\/\/www.apnx.com\/wp-content\/uploads\/2023\/09\/apnx_about_logo_BGRD-600x391.webp 600w, https:\/\/www.apnx.com\/wp-content\/uploads\/2023\/09\/apnx_about_logo_BGRD-500x326.webp 500w\" sizes=\"auto, (max-width: 768px) 100vw, 768px\" \/><\/div><\/div><\/div><\/div><\/div><\/div><\/div><\/section><section class=\"l-section wpb_row height_medium\"><div class=\"l-section-h i-cf\"><div class=\"g-cols vc_row via_flex valign_top type_default stacking_default\"><div class=\"vc_col-sm-12 wpb_column vc_column_container\"><div class=\"vc_column-inner\"><div class=\"wpb_wrapper\"><div class=\"w-separator size_custom\" style=\"height:18rem\"><\/div><div class=\"g-cols wpb_row via_flex valign_top type_default stacking_default\"><div class=\"vc_col-sm-6 wpb_column vc_column_container\"><div class=\"vc_column-inner\"><div class=\"wpb_wrapper\">[vc_custom_heading text=&#8221;varum\u00e4rkesber\u00e4ttelse&#8221; font_container=&#8221;tag:div|text_align:left&#8221; css=&#8221;%7B%22default%22%3A%7B%22color%22%3A%22%23fafafc%22%2C%22font-size%22%3A%222rem%22%2C%22font-family%22%3A%22body%22%2C%22font-weight%22%3A%22400%22%7D%7D&#8221;]<\/div><\/div><\/div><div class=\"vc_col-sm-6 wpb_column vc_column_container\"><div class=\"vc_column-inner\"><div class=\"wpb_wrapper\"><\/div><\/div><\/div><\/div><div class=\"w-separator size_custom\" style=\"height:8rem\"><\/div><\/div><\/div><\/div><\/div><\/div><\/section><!-- Row Backgrounds --><div class=\"upb_bg_img\" data-ultimate-bg=\"url(https:\/\/www.apnx.com\/wp-content\/uploads\/2023\/09\/apnx_about_logo_BG.webp)\" data-image-id=\"id^314|url^https:\/\/www.apnx.com\/wp-content\/uploads\/2023\/09\/apnx_about_logo_BG.webp|caption^null|alt^null|title^apnx_about_logo_BG|description^null\" data-ultimate-bg-style=\"vcpb-default\" data-bg-img-repeat=\"no-repeat\" data-bg-img-size=\"cover\" data-bg-img-position=\"\" data-parallx_sense=\"30\" data-bg-override=\"0\" data-bg_img_attach=\"scroll\" data-upb-overlay-color=\"\" data-upb-bg-animation=\"\" data-fadeout=\"\" data-bg-animation=\"left-animation\" data-bg-animation-type=\"h\" data-animation-repeat=\"repeat\" data-fadeout-percentage=\"30\" data-parallax-content=\"\" data-parallax-content-sense=\"30\" data-row-effect-mobile-disable=\"true\" data-img-parallax-mobile-disable=\"true\" data-rtl=\"false\"  data-custom-vc-row=\"\"  data-vc=\"8.0\"  data-is_old_vc=\"\"  data-theme-support=\"\"   data-overlay=\"false\" data-overlay-color=\"\" data-overlay-pattern=\"\" data-overlay-pattern-opacity=\"\" data-overlay-pattern-size=\"\"    ><\/div><section class=\"l-section wpb_row us_custom_e4eb24e1 height_medium\"><div class=\"l-section-h i-cf\"><div class=\"g-cols vc_row via_flex valign_top type_default stacking_default\"><div class=\"vc_col-sm-12 wpb_column vc_column_container\"><div class=\"vc_column-inner\"><div class=\"wpb_wrapper\"><div class=\"g-cols wpb_row via_flex valign_top type_default stacking_default\"><div class=\"vc_col-sm-2 wpb_column vc_column_container\"><div class=\"vc_column-inner\"><div class=\"wpb_wrapper\"><\/div><\/div><\/div><div class=\"vc_col-sm-8 wpb_column vc_column_container\"><div class=\"vc_column-inner\"><div class=\"wpb_wrapper\"><div class=\"wpb_text_column\"><div class=\"wpb_wrapper\"><p>Advanced Performance Nexus st\u00e5r f\u00f6r en dedikerad strategi f\u00f6r att leverera h\u00f6gkvalitativ datorh\u00e5rdvara och samtidigt kombinera den senaste konsumenttekniken med v\u00e5rt signum av arkitektonisk estetik. APNX backas upp av ett team av branschexperter med l\u00e5ng erfarenhet inom omr\u00e5det. Varje medlem bidrar med en m\u00e4ngd kunskap och expertis till varum\u00e4rket. Denna kollektiva erfarenhet s\u00e4kerst\u00e4ller att v\u00e5ra produkter \u00e4r utvalda med st\u00f6rsta precision och insikt, vilket du tydligt kan se i deras \u00f6vergripande kvalitet. N\u00e4r du v\u00e4ljer APNX k\u00f6per du inte bara h\u00e5rdvara, du investerar i ett noggrant utvalt ekosystem d\u00e4r tillf\u00f6rlitlig prestanda, vision\u00e4r design och oklanderligt hantverk samverkar. Vi inbjuder dig att ansluta dig till Nexus och upph\u00f6ja din datorupplevelse till en konstform.<\/p>\n<\/div><\/div><\/div><\/div><\/div><div class=\"vc_col-sm-2 wpb_column vc_column_container\"><div class=\"vc_column-inner\"><div class=\"wpb_wrapper\"><\/div><\/div><\/div><\/div><div class=\"w-separator size_medium\"><\/div><div class=\"g-cols wpb_row via_flex valign_top type_default stacking_default\"><div class=\"vc_col-sm-7 wpb_column vc_column_container\"><div class=\"vc_column-inner\"><div class=\"wpb_wrapper\"><div class=\"wpb_text_column\"><div class=\"wpb_wrapper\"><h2>Designfilosofi:<\/h2>\n<p>APNX designfilosofi kretsar kring noggrann uppm\u00e4rksamhet p\u00e5 detaljer och en s\u00f6ml\u00f6s kombination av form och funktion. Detta tillv\u00e4gag\u00e5ngss\u00e4tt ger flera f\u00f6rdelar f\u00f6r v\u00e5r m\u00e5lgrupp:<\/p>\n<ul>\n<li><em> F\u00f6rb\u00e4ttrad anv\u00e4ndarupplevelse<\/em>: APNX produkter \u00e4r anv\u00e4ndarcentrerade och utformade f\u00f6r att f\u00f6renkla datorbyggprocessen och g\u00f6ra den tillg\u00e4nglig och njutbar f\u00f6r anv\u00e4ndare p\u00e5 alla niv\u00e5er.<\/li>\n<li><em> Elegant och intuitiv design<\/em>: APNX prioriterar en ren och sofistikerad estetik i sin produktdesign, vilket f\u00f6rb\u00e4ttrar det visuella intrycket av datorinstallationer och g\u00f6r att de passar in s\u00f6ml\u00f6st i alla milj\u00f6er.<\/li>\n<li><em>Prestandaoptimering:<\/em> Konstruktionsfilosofin omfattar optimering av termisk prestanda, vilket s\u00e4kerst\u00e4ller att APNX-h\u00e5rdvaran k\u00f6rs effektivt och tillf\u00f6rlitligt.<\/li>\n<\/ul>\n<\/div><\/div><div class=\"wpb_text_column\"><div class=\"wpb_wrapper\"><h2>Bygg din ber\u00e4ttelse:<\/h2>\n<p>P\u00e5 APNX str\u00e4var vi efter att vara navet mellan prestanda och estetik p\u00e5 din datorresa. Vi ser framf\u00f6r oss en harmonisk v\u00e4rld d\u00e4r f\u00f6rstklassig datorteknik sm\u00e4lter samman med elegant design. Oavsett om du \u00e4r en gamer, inneh\u00e5llsskapare, datorentusiast eller proffs \u00e4r v\u00e5rt uppdrag att erbjuda dig h\u00f6gkvalitativ h\u00e5rdvara som inte bara h\u00f6jer din produktivitet, kreativitet och njutning utan ocks\u00e5 berikar din livsstil. Genom att noggrant v\u00e4lja material av h\u00f6g kvalitet och f\u00f6lja rigor\u00f6sa tillverkningsprocesser s\u00e4kerst\u00e4ller vi en hantverksm\u00e4ssig niv\u00e5 som st\u00e5r sig \u00f6ver tid, samtidigt som vi beh\u00e5ller en ren och sofistikerad estetik. V\u00e5ra produkter \u00e4r utformade f\u00f6r att vara anv\u00e4ndarv\u00e4nliga och integreras s\u00f6ml\u00f6st i olika arbets- och fritidsmilj\u00f6er. Vi \u00e4r \u00f6vertygade om att n\u00e4r du presterar b\u00e4ttre och m\u00e5r b\u00e4ttre, s\u00e5 uppn\u00e5r du mer. V\u00e5r produktportf\u00f6lj har en unik position d\u00e4r p\u00e5litlig prestanda m\u00f6ter hantverksskicklighet, vilket g\u00f6r APNX h\u00e5rdvara till ett viktigt verktyg f\u00f6r att skriva din ber\u00e4ttelse.<\/p>\n<\/div><\/div><\/div><\/div><\/div><div class=\"vc_col-sm-5 wpb_column vc_column_container\"><div class=\"vc_column-inner\"><div class=\"wpb_wrapper\"><\/div><\/div><\/div><\/div><\/div><\/div><\/div><\/div><\/div><\/section>\n","protected":false},"excerpt":{"rendered":"[vc_custom_heading text=\"varum\u00e4rkesber\u00e4ttelse\" font_container=\"tag:div|text_align:left\" css=\"%7B%22default%22%3A%7B%22color%22%3A%22%23fafafc%22%2C%22font-size%22%3A%222rem%22%2C%22font-family%22%3A%22body%22%2C%22font-weight%22%3A%22400%22%7D%7D\"]Advanced Performance Nexus st\u00e5r f\u00f6r en dedikerad strategi f\u00f6r att leverera h\u00f6gkvalitativ datorh\u00e5rdvara och samtidigt kombinera den senaste konsumenttekniken med v\u00e5rt signum av arkitektonisk estetik. APNX backas upp av ett team av branschexperter med l\u00e5ng erfarenhet inom omr\u00e5det. Varje medlem bidrar med en m\u00e4ngd kunskap och expertis till varum\u00e4rket. Denna kollektiva erfarenhet...","protected":false},"author":7,"featured_media":0,"parent":0,"menu_order":0,"comment_status":"closed","ping_status":"closed","template":"","meta":{"footnotes":""},"class_list":["post-6644","page","type-page","status-publish","hentry"],"yoast_head":"<!-- This site is optimized with the Yoast SEO plugin v23.8 - https:\/\/yoast.com\/wordpress\/plugins\/seo\/ -->\n<title>Brand Story - APNX | Build Your Story<\/title>\n<meta name=\"robots\" content=\"index, follow, max-snippet:-1, max-image-preview:large, max-video-preview:-1\" \/>\n<link rel=\"canonical\" href=\"https:\/\/www.apnx.com\/sv\/brand-story\/\" \/>\n<meta property=\"og:locale\" content=\"sv_SE\" \/>\n<meta property=\"og:type\" content=\"article\" \/>\n<meta property=\"og:title\" content=\"Brand Story - APNX | Build Your Story\" \/>\n<meta property=\"og:url\" content=\"https:\/\/www.apnx.com\/sv\/brand-story\/\" \/>\n<meta property=\"og:site_name\" content=\"APNX | Build Your Story\" \/>\n<meta property=\"article:modified_time\" content=\"2023-10-27T08:57:22+00:00\" \/>\n<meta name=\"twitter:card\" content=\"summary_large_image\" \/>\n<meta name=\"twitter:label1\" content=\"Ber\u00e4knad l\u00e4stid\" \/>\n\t<meta name=\"twitter:data1\" content=\"3 minuter\" \/>\n<script type=\"application\/ld+json\" class=\"yoast-schema-graph\">{\"@context\":\"https:\/\/schema.org\",\"@graph\":[{\"@type\":\"WebPage\",\"@id\":\"https:\/\/www.apnx.com\/sv\/brand-story\/\",\"url\":\"https:\/\/www.apnx.com\/sv\/brand-story\/\",\"name\":\"Brand Story - APNX | Build Your Story\",\"isPartOf\":{\"@id\":\"https:\/\/www.apnx.com\/sv\/#website\"},\"datePublished\":\"2023-10-02T02:35:01+00:00\",\"dateModified\":\"2023-10-27T08:57:22+00:00\",\"breadcrumb\":{\"@id\":\"https:\/\/www.apnx.com\/sv\/brand-story\/#breadcrumb\"},\"inLanguage\":\"sv-SE\",\"potentialAction\":[{\"@type\":\"ReadAction\",\"target\":[\"https:\/\/www.apnx.com\/sv\/brand-story\/\"]}]},{\"@type\":\"BreadcrumbList\",\"@id\":\"https:\/\/www.apnx.com\/sv\/brand-story\/#breadcrumb\",\"itemListElement\":[{\"@type\":\"ListItem\",\"position\":1,\"name\":\"Home\",\"item\":\"https:\/\/www.apnx.com\/sv\/\"},{\"@type\":\"ListItem\",\"position\":2,\"name\":\"Brand Story\"}]},{\"@type\":\"WebSite\",\"@id\":\"https:\/\/www.apnx.com\/sv\/#website\",\"url\":\"https:\/\/www.apnx.com\/sv\/\",\"name\":\"APNX | Build Your Story\",\"description\":\"APNX | Build Your Story\",\"potentialAction\":[{\"@type\":\"SearchAction\",\"target\":{\"@type\":\"EntryPoint\",\"urlTemplate\":\"https:\/\/www.apnx.com\/sv\/?s={search_term_string}\"},\"query-input\":{\"@type\":\"PropertyValueSpecification\",\"valueRequired\":true,\"valueName\":\"search_term_string\"}}],\"inLanguage\":\"sv-SE\"}]}<\/script>\n<!-- \/ Yoast SEO plugin. -->","yoast_head_json":{"title":"Brand Story - APNX | Build Your Story","robots":{"index":"index","follow":"follow","max-snippet":"max-snippet:-1","max-image-preview":"max-image-preview:large","max-video-preview":"max-video-preview:-1"},"canonical":"https:\/\/www.apnx.com\/sv\/brand-story\/","og_locale":"sv_SE","og_type":"article","og_title":"Brand Story - APNX | Build Your Story","og_url":"https:\/\/www.apnx.com\/sv\/brand-story\/","og_site_name":"APNX | Build Your Story","article_modified_time":"2023-10-27T08:57:22+00:00","twitter_card":"summary_large_image","twitter_misc":{"Ber\u00e4knad l\u00e4stid":"3 minuter"},"schema":{"@context":"https:\/\/schema.org","@graph":[{"@type":"WebPage","@id":"https:\/\/www.apnx.com\/sv\/brand-story\/","url":"https:\/\/www.apnx.com\/sv\/brand-story\/","name":"Brand Story - APNX | Build Your Story","isPartOf":{"@id":"https:\/\/www.apnx.com\/sv\/#website"},"datePublished":"2023-10-02T02:35:01+00:00","dateModified":"2023-10-27T08:57:22+00:00","breadcrumb":{"@id":"https:\/\/www.apnx.com\/sv\/brand-story\/#breadcrumb"},"inLanguage":"sv-SE","potentialAction":[{"@type":"ReadAction","target":["https:\/\/www.apnx.com\/sv\/brand-story\/"]}]},{"@type":"BreadcrumbList","@id":"https:\/\/www.apnx.com\/sv\/brand-story\/#breadcrumb","itemListElement":[{"@type":"ListItem","position":1,"name":"Home","item":"https:\/\/www.apnx.com\/sv\/"},{"@type":"ListItem","position":2,"name":"Brand Story"}]},{"@type":"WebSite","@id":"https:\/\/www.apnx.com\/sv\/#website","url":"https:\/\/www.apnx.com\/sv\/","name":"APNX | Build Your Story","description":"APNX | Build Your Story","potentialAction":[{"@type":"SearchAction","target":{"@type":"EntryPoint","urlTemplate":"https:\/\/www.apnx.com\/sv\/?s={search_term_string}"},"query-input":{"@type":"PropertyValueSpecification","valueRequired":true,"valueName":"search_term_string"}}],"inLanguage":"sv-SE"}]}},"_links":{"self":[{"href":"https:\/\/www.apnx.com\/sv\/wp-json\/wp\/v2\/pages\/6644","targetHints":{"allow":["GET"]}}],"collection":[{"href":"https:\/\/www.apnx.com\/sv\/wp-json\/wp\/v2\/pages"}],"about":[{"href":"https:\/\/www.apnx.com\/sv\/wp-json\/wp\/v2\/types\/page"}],"author":[{"embeddable":true,"href":"https:\/\/www.apnx.com\/sv\/wp-json\/wp\/v2\/users\/7"}],"replies":[{"embeddable":true,"href":"https:\/\/www.apnx.com\/sv\/wp-json\/wp\/v2\/comments?post=6644"}],"version-history":[{"count":2,"href":"https:\/\/www.apnx.com\/sv\/wp-json\/wp\/v2\/pages\/6644\/revisions"}],"predecessor-version":[{"id":6646,"href":"https:\/\/www.apnx.com\/sv\/wp-json\/wp\/v2\/pages\/6644\/revisions\/6646"}],"wp:attachment":[{"href":"https:\/\/www.apnx.com\/sv\/wp-json\/wp\/v2\/media?parent=6644"}],"curies":[{"name":"wp","href":"https:\/\/api.w.org\/{rel}","templated":true}]}}